{"id":22,"date":"2024-08-15T18:31:57","date_gmt":"2024-08-15T16:31:57","guid":{"rendered":"https:\/\/vinkovackejeseni.hr\/?page_id=22"},"modified":"2026-01-29T12:54:53","modified_gmt":"2026-01-29T11:54:53","slug":"o-jesenima","status":"publish","type":"page","link":"https:\/\/vinkovackejeseni.hr\/en\/o-jesenima\/","title":{"rendered":"O Jesenima"},"content":{"rendered":"<p>[et_pb_section fb_built=&#8221;1&#8243; fullwidth=&#8221;on&#8221; _builder_version=&#8221;4.27.0&#8243; _module_preset=&#8221;default&#8221; da_disable_devices=&#8221;off|off|off&#8221; global_colors_info=&#8221;{}&#8221; da_is_popup=&#8221;off&#8221; da_exit_intent=&#8221;off&#8221; da_has_close=&#8221;on&#8221; da_alt_close=&#8221;off&#8221; da_dark_close=&#8221;off&#8221; da_not_modal=&#8221;on&#8221; da_is_singular=&#8221;off&#8221; da_with_loader=&#8221;off&#8221; da_has_shadow=&#8221;on&#8221;][et_pb_fullwidth_image src=&#8221;https:\/\/vinkovackejeseni.hr\/wp-content\/uploads\/2026\/01\/Facebook-\u2013-Profile-Cover-Vinkovacke-jeseni-2026.-copy-scaled.jpg&#8221; title_text=&#8221;Profile Cover Vinkova\u010dke jeseni 2026. copy&#8221; _builder_version=&#8221;4.27.5&#8243; _module_preset=&#8221;default&#8221; hover_enabled=&#8221;0&#8243; global_colors_info=&#8221;{}&#8221; sticky_enabled=&#8221;0&#8243;][\/et_pb_fullwidth_image][\/et_pb_section][et_pb_section fb_built=&#8221;1&#8243; _builder_version=&#8221;4.27.0&#8243; _module_preset=&#8221;default&#8221; custom_padding=&#8221;||2px|||&#8221; da_disable_devices=&#8221;off|off|off&#8221; global_colors_info=&#8221;{}&#8221; da_is_popup=&#8221;off&#8221; da_exit_intent=&#8221;off&#8221; da_has_close=&#8221;on&#8221; da_alt_close=&#8221;off&#8221; da_dark_close=&#8221;off&#8221; da_not_modal=&#8221;on&#8221; da_is_singular=&#8221;off&#8221; da_with_loader=&#8221;off&#8221; da_has_shadow=&#8221;on&#8221;][et_pb_row _builder_version=&#8221;4.27.0&#8243; _module_preset=&#8221;default&#8221; global_colors_info=&#8221;{}&#8221;][et_pb_column type=&#8221;4_4&#8243; _builder_version=&#8221;4.27.0&#8243; _module_preset=&#8221;default&#8221; global_colors_info=&#8221;{}&#8221;][et_pb_heading title=&#8221;NAJVE\u0106A KULTURNA MANIFESTACIJA U REGIJI&#8221; _builder_version=&#8221;4.27.0&#8243; _module_preset=&#8221;default&#8221; title_font=&#8221;Montserrat|700|||||||&#8221; title_text_align=&#8221;center&#8221; title_font_size=&#8221;35px&#8221; title_line_height=&#8221;1.2em&#8221; global_colors_info=&#8221;{}&#8221;][\/et_pb_heading][\/et_pb_column][\/et_pb_row][et_pb_row _builder_version=&#8221;4.27.0&#8243; _module_preset=&#8221;default&#8221; global_colors_info=&#8221;{}&#8221;][et_pb_column type=&#8221;4_4&#8243; _builder_version=&#8221;4.27.0&#8243; _module_preset=&#8221;default&#8221; global_colors_info=&#8221;{}&#8221;][et_pb_text _builder_version=&#8221;4.27.0&#8243; _module_preset=&#8221;default&#8221; text_text_color=&#8221;#000000&#8243; text_font_size=&#8221;16px&#8221; header_2_font=&#8221;Montserrat|600|||||||&#8221; header_2_text_color=&#8221;#BC3A38&#8243; global_colors_info=&#8221;{}&#8221;]<\/p>\n<h2 class=\"tbk__title\" itemprop=\"headline\">Tradicija stara vi\u0161e od 50 godina&#8230;<\/h2>\n<p>Svoju duhovnu profinjenost izkazivale su i iskazuju Slavonke izra\u0111uju\u0107i izuzetno lijepe i karakteristi\u010dne no\u0161nje. Da te no\u0161nje ne bi ostale skrivene u ladi\u010darima, da se vedri slavonski \u010dovjek raduje i iska\u017ee svoju snagu i iskonski pe\u010dat \u2013 to je bio glavni, ako ne i jedini motiv okrune ljepote slavonske ravnice smotrom na kojoj \u0107e zablije\u0161tati bjelinom ruho narodno, zaciktati tambure i gajde zaguditi, a Slavonci zapjevati \u0161iroko, otegnuto, \u00abk&#8217;o ova zemlja \u0161to ih rodi\u00bb.<\/p>\n<p>Vinkova\u010dke jeseni su ubrzo pre\u0161le uske zavi\u010dajne granice i zapo\u010dele me\u0111usobno povezivati sve one ljude koji vole i cijene tradicijsku kulturu, jezik i obi\u010daje , a to \u0107e uklju\u010divati svestranu razmjenu kulturnih, gospodarskih i ostalih dobara diljem na\u0161e zemlje i pro\u0161irenje ove jedinstvene smotre novim manifestacijama: znanstvenim, turisti\u010dkim, sportskim, zabavnim \u2026<\/p>\n<p>Bitna re\u010denica kojom bi trebalo definirati pojam Jeseni trebala bi uvijek glasiti: To je smotra koja te\u017ei trajnoj afirmaciji izvornoga kulturnoumjetni\u010dkoga narodnoga stvarala\u0161tva temeljenoga na bogatoj ba\u0161tini naroda Vinkova\u010dkoga kraja i cijele Hrvatske.<\/p>\n<p>Vinkova\u010dke su jeseni postale originalni popularno-znanstveni skup izvorne narodne kulture ,mjesto njezina sakupljanja, \u0161to ne zna\u010di da su Jeseni bile niti da \u0107e biti ko\u010dnica suvremenoga razvoja. One su samo \u010duvarica i slikarica izvornoga na\u010dina \u017eivota, one pokazuju slike pro\u0161losti i sada\u0161njosti, upu\u0107uju na neistra\u017eene pravce i mogu\u0107nosti u budu\u0107nosti.<\/p>\n<p>Vinkova\u010dke su jeseni iza\u0161le iz du\u0161e slavonskoga \u010dovjeka, one su potvrda ljepote ove ravnice, one su \u017eelja da se sa\u010duva od zaborava nekada\u0161nje selo, njegovi ljudi i obi\u010daji, a posebice glazbena ba\u0161tina, koju treba otkrivati suvremenom \u010dovjeku i ljubitelju narodnih glazbenih umjetnina.<\/p>\n<p>[\/et_pb_text][et_pb_gallery gallery_ids=&#8221;5360,5270,5263,5261,5243,5225,5198,5168,5153,5118,5106,5101,5083&#8243; gallery_orderby=&#8221;rand&#8221; fullwidth=&#8221;on&#8221; _builder_version=&#8221;4.27.0&#8243; _module_preset=&#8221;default&#8221; background_layout=&#8221;dark&#8221; global_colors_info=&#8221;{}&#8221;][\/et_pb_gallery][\/et_pb_column][\/et_pb_row][\/et_pb_section][et_pb_section fb_built=&#8221;1&#8243; _builder_version=&#8221;4.27.4&#8243; _module_preset=&#8221;default&#8221; custom_padding=&#8221;0px|||||&#8221; da_disable_devices=&#8221;off|off|off&#8221; global_colors_info=&#8221;{}&#8221; da_is_popup=&#8221;off&#8221; da_exit_intent=&#8221;off&#8221; da_has_close=&#8221;on&#8221; da_alt_close=&#8221;off&#8221; da_dark_close=&#8221;off&#8221; da_not_modal=&#8221;on&#8221; da_is_singular=&#8221;off&#8221; da_with_loader=&#8221;off&#8221; da_has_shadow=&#8221;on&#8221;][et_pb_row _builder_version=&#8221;4.27.4&#8243; _module_preset=&#8221;default&#8221; custom_padding=&#8221;0px|||||&#8221; global_colors_info=&#8221;{}&#8221;][et_pb_column type=&#8221;4_4&#8243; _builder_version=&#8221;4.27.4&#8243; _module_preset=&#8221;default&#8221; global_colors_info=&#8221;{}&#8221;][et_pb_image src=&#8221;https:\/\/vinkovackejeseni.hr\/wp-content\/uploads\/2025\/10\/PLAKAT-2025-Vinkovacke-jeseni-scaled.jpg&#8221; _builder_version=&#8221;4.27.4&#8243; _module_preset=&#8221;default&#8221; global_colors_info=&#8221;{}&#8221;][\/et_pb_image][\/et_pb_column][\/et_pb_row][\/et_pb_section]<\/p>","protected":false},"excerpt":{"rendered":"<p>Tradicija stara vi\u0161e od 50 godina&#8230; Svoju duhovnu profinjenost izkazivale su i iskazuju Slavonke izra\u0111uju\u0107i izuzetno lijepe i karakteristi\u010dne no\u0161nje. Da te no\u0161nje ne bi ostale skrivene u ladi\u010darima, da se vedri slavonski \u010dovjek raduje i iska\u017ee svoju snagu i iskonski pe\u010dat \u2013 to je bio glavni, ako ne i jedini motiv okrune ljepote slavonske [&hellip;]<\/p>","protected":false},"author":1,"featured_media":0,"parent":0,"menu_order":0,"comment_status":"closed","ping_status":"closed","template":"","meta":{"_et_pb_use_builder":"on","_et_pb_old_content":"","_et_gb_content_width":"","footnotes":""},"class_list":["post-22","page","type-page","status-publish","hentry"],"_links":{"self":[{"href":"https:\/\/vinkovackejeseni.hr\/en\/wp-json\/wp\/v2\/pages\/22","targetHints":{"allow":["GET"]}}],"collection":[{"href":"https:\/\/vinkovackejeseni.hr\/en\/wp-json\/wp\/v2\/pages"}],"about":[{"href":"https:\/\/vinkovackejeseni.hr\/en\/wp-json\/wp\/v2\/types\/page"}],"author":[{"embeddable":true,"href":"https:\/\/vinkovackejeseni.hr\/en\/wp-json\/wp\/v2\/users\/1"}],"replies":[{"embeddable":true,"href":"https:\/\/vinkovackejeseni.hr\/en\/wp-json\/wp\/v2\/comments?post=22"}],"version-history":[{"count":12,"href":"https:\/\/vinkovackejeseni.hr\/en\/wp-json\/wp\/v2\/pages\/22\/revisions"}],"predecessor-version":[{"id":7430,"href":"https:\/\/vinkovackejeseni.hr\/en\/wp-json\/wp\/v2\/pages\/22\/revisions\/7430"}],"wp:attachment":[{"href":"https:\/\/vinkovackejeseni.hr\/en\/wp-json\/wp\/v2\/media?parent=22"}],"curies":[{"name":"wp","href":"https:\/\/api.w.org\/{rel}","templated":true}]}}